{"id":2,"date":"2017-07-07T20:08:55","date_gmt":"2017-07-07T18:08:55","guid":{"rendered":"http:\/\/mpigne.ovh\/bcpst1\/?page_id=2"},"modified":"2021-09-28T11:09:04","modified_gmt":"2021-09-28T09:09:04","slug":"page-d-exemple","status":"publish","type":"page","link":"http:\/\/mpigne.ovh\/bcpst1\/","title":{"rendered":"Accueil"},"content":{"rendered":"\n<p>Bienvenue sur le site des math\u00e9matiques de la BCPST2A du lyc\u00e9e Pothier ! Cette ann\u00e9e, tous les documents seront disponibles sur le site Cahier de pr\u00e9pa.<\/p>\n\n\n\n<figure class=\"wp-block-image\"><img loading=\"lazy\" width=\"199\" height=\"300\" src=\"http:\/\/mpigne.ovh\/bcpst1\/wp-content\/uploads\/2019\/02\/do-math-so-well-199x300.jpg\" alt=\"\" class=\"wp-image-655\" srcset=\"http:\/\/mpigne.ovh\/bcpst1\/wp-content\/uploads\/2019\/02\/do-math-so-well-199x300.jpg 199w, http:\/\/mpigne.ovh\/bcpst1\/wp-content\/uploads\/2019\/02\/do-math-so-well.jpg 419w\" sizes=\"(max-width: 199px) 100vw, 199px\" \/><\/figure>\n\n\n<div class=\"wp-block-calendar\"><\/div>","protected":false},"excerpt":{"rendered":"<p>Bienvenue sur le site des math\u00e9matiques de la BCPST2A du lyc\u00e9e Pothier ! Cette ann\u00e9e, tous les documents seront disponibles sur le site Cahier de pr\u00e9pa.<\/p>\n","protected":false},"author":1,"featured_media":0,"parent":0,"menu_order":0,"comment_status":"closed","ping_status":"open","template":"","meta":[],"_links":{"self":[{"href":"http:\/\/mpigne.ovh\/bcpst1\/wp-json\/wp\/v2\/pages\/2"}],"collection":[{"href":"http:\/\/mpigne.ovh\/bcpst1\/wp-json\/wp\/v2\/pages"}],"about":[{"href":"http:\/\/mpigne.ovh\/bcpst1\/wp-json\/wp\/v2\/types\/page"}],"author":[{"embeddable":true,"href":"http:\/\/mpigne.ovh\/bcpst1\/wp-json\/wp\/v2\/users\/1"}],"replies":[{"embeddable":true,"href":"http:\/\/mpigne.ovh\/bcpst1\/wp-json\/wp\/v2\/comments?post=2"}],"version-history":[{"count":112,"href":"http:\/\/mpigne.ovh\/bcpst1\/wp-json\/wp\/v2\/pages\/2\/revisions"}],"predecessor-version":[{"id":1188,"href":"http:\/\/mpigne.ovh\/bcpst1\/wp-json\/wp\/v2\/pages\/2\/revisions\/1188"}],"wp:attachment":[{"href":"http:\/\/mpigne.ovh\/bcpst1\/wp-json\/wp\/v2\/media?parent=2"}],"curies":[{"name":"wp","href":"https:\/\/api.w.org\/{rel}","templated":true}]}}