{"id":20,"date":"2017-07-08T11:01:56","date_gmt":"2017-07-08T09:01:56","guid":{"rendered":"http:\/\/mpigne.ovh\/bcpst1\/?page_id=20"},"modified":"2019-08-29T15:07:07","modified_gmt":"2019-08-29T13:07:07","slug":"cours","status":"publish","type":"page","link":"http:\/\/mpigne.ovh\/bcpst1\/cours\/","title":{"rendered":"Cours et exercices"},"content":{"rendered":"<p>Le programme de math\u00e9matiques en BCPST2 comporte :<\/p>\n<ul>\n<li>des r\u00e9visions (suites, \u00e9tudes de fonctions, fonctions de plusieurs variables, d\u00e9nombrement, probabilit\u00e9s finies, complexes, polyn\u00f4mes, syst\u00e8mes, \u00e9quations diff\u00e9rentielles)<\/li>\n<li>des approfondissements (espaces vectoriels, applications lin\u00e9aires, probabilit\u00e9s d\u00e9nombrables ou continues, produit scalaire)<\/li>\n<li>de nouvelles notions (s\u00e9ries, int\u00e9grales g\u00e9n\u00e9ralis\u00e9es, r\u00e9duction, th\u00e9or\u00e8mes limites, estimateurs statistiques)<\/li>\n<\/ul>\n<p>Vous trouverez dans cette section les programmes officiels, des synth\u00e8ses de cours et des feuilles d&rsquo;exercices.<\/p>\n","protected":false},"excerpt":{"rendered":"<p>Le programme de math\u00e9matiques en BCPST2 comporte : des r\u00e9visions (suites, \u00e9tudes de fonctions, fonctions de plusieurs variables, d\u00e9nombrement, probabilit\u00e9s finies, complexes, polyn\u00f4mes, syst\u00e8mes, \u00e9quations diff\u00e9rentielles) des approfondissements (espaces vectoriels, applications lin\u00e9aires, probabilit\u00e9s d\u00e9nombrables&#46;&#46;&#46;<\/p>\n","protected":false},"author":1,"featured_media":0,"parent":0,"menu_order":0,"comment_status":"closed","ping_status":"closed","template":"","meta":[],"_links":{"self":[{"href":"http:\/\/mpigne.ovh\/bcpst1\/wp-json\/wp\/v2\/pages\/20"}],"collection":[{"href":"http:\/\/mpigne.ovh\/bcpst1\/wp-json\/wp\/v2\/pages"}],"about":[{"href":"http:\/\/mpigne.ovh\/bcpst1\/wp-json\/wp\/v2\/types\/page"}],"author":[{"embeddable":true,"href":"http:\/\/mpigne.ovh\/bcpst1\/wp-json\/wp\/v2\/users\/1"}],"replies":[{"embeddable":true,"href":"http:\/\/mpigne.ovh\/bcpst1\/wp-json\/wp\/v2\/comments?post=20"}],"version-history":[{"count":5,"href":"http:\/\/mpigne.ovh\/bcpst1\/wp-json\/wp\/v2\/pages\/20\/revisions"}],"predecessor-version":[{"id":745,"href":"http:\/\/mpigne.ovh\/bcpst1\/wp-json\/wp\/v2\/pages\/20\/revisions\/745"}],"wp:attachment":[{"href":"http:\/\/mpigne.ovh\/bcpst1\/wp-json\/wp\/v2\/media?parent=20"}],"curies":[{"name":"wp","href":"https:\/\/api.w.org\/{rel}","templated":true}]}}