{"id":36,"date":"2017-07-08T11:11:27","date_gmt":"2017-07-08T09:11:27","guid":{"rendered":"http:\/\/mpigne.ovh\/bcpst1\/?page_id=36"},"modified":"2019-09-10T20:34:07","modified_gmt":"2019-09-10T18:34:07","slug":"colles","status":"publish","type":"page","link":"http:\/\/mpigne.ovh\/bcpst1\/colles\/","title":{"rendered":"Colles"},"content":{"rendered":"<p>Les colles sont des interrogations orales de 55 minutes.<\/p>\n<p>Les \u00e9l\u00e8ves sont regroup\u00e9s par groupes de 3 \u00e9l\u00e8ves. Les \u00e9l\u00e8ves d&rsquo;un m\u00eame groupe passent simultan\u00e9ment avec un m\u00eame colleur selon un planning \u00e9tabli en d\u00e9but d&rsquo;ann\u00e9e.<\/p>\n<p>Pour chaque \u00e9l\u00e8ve, la colle commence par une question de cours (\u00e9nonc\u00e9 d&rsquo;une d\u00e9finition, d&rsquo;une propri\u00e9t\u00e9, avec ou sans d\u00e9monstration). Ensuite, chaque \u00e9l\u00e8ve doit r\u00e9soudre un ou plusieurs exercice(s) au tableau. La colle se termine par un bilan des comp\u00e9tences et une notation.<\/p>\n\n\n<div class=\"wp-block-file\"><a href=\"http:\/\/mpigne.ovh\/bcpst1\/wp-content\/uploads\/2019\/09\/fiche-de-comp\u00e9tence-2017-2018.pdf\">fiche-de-comp\u00e9tence-oral<\/a><a href=\"http:\/\/mpigne.ovh\/bcpst1\/wp-content\/uploads\/2019\/09\/fiche-de-comp\u00e9tence-2017-2018.pdf\" class=\"wp-block-file__button\" download>T\u00e9l\u00e9charger<\/a><\/div>\n","protected":false},"excerpt":{"rendered":"<p>Les colles sont des interrogations orales de 55 minutes. Les \u00e9l\u00e8ves sont regroup\u00e9s par groupes de 3 \u00e9l\u00e8ves. Les \u00e9l\u00e8ves d&rsquo;un m\u00eame groupe passent simultan\u00e9ment avec un m\u00eame colleur selon un planning \u00e9tabli en&#46;&#46;&#46;<\/p>\n","protected":false},"author":1,"featured_media":0,"parent":0,"menu_order":0,"comment_status":"closed","ping_status":"closed","template":"","meta":[],"_links":{"self":[{"href":"http:\/\/mpigne.ovh\/bcpst1\/wp-json\/wp\/v2\/pages\/36"}],"collection":[{"href":"http:\/\/mpigne.ovh\/bcpst1\/wp-json\/wp\/v2\/pages"}],"about":[{"href":"http:\/\/mpigne.ovh\/bcpst1\/wp-json\/wp\/v2\/types\/page"}],"author":[{"embeddable":true,"href":"http:\/\/mpigne.ovh\/bcpst1\/wp-json\/wp\/v2\/users\/1"}],"replies":[{"embeddable":true,"href":"http:\/\/mpigne.ovh\/bcpst1\/wp-json\/wp\/v2\/comments?post=36"}],"version-history":[{"count":5,"href":"http:\/\/mpigne.ovh\/bcpst1\/wp-json\/wp\/v2\/pages\/36\/revisions"}],"predecessor-version":[{"id":769,"href":"http:\/\/mpigne.ovh\/bcpst1\/wp-json\/wp\/v2\/pages\/36\/revisions\/769"}],"wp:attachment":[{"href":"http:\/\/mpigne.ovh\/bcpst1\/wp-json\/wp\/v2\/media?parent=36"}],"curies":[{"name":"wp","href":"https:\/\/api.w.org\/{rel}","templated":true}]}}