{"id":41,"date":"2017-07-08T11:18:45","date_gmt":"2017-07-08T09:18:45","guid":{"rendered":"http:\/\/mpigne.ovh\/bcpst1\/?page_id=41"},"modified":"2021-07-15T11:37:02","modified_gmt":"2021-07-15T09:37:02","slug":"syntheses-de-cours","status":"publish","type":"page","link":"http:\/\/mpigne.ovh\/bcpst1\/syntheses-de-cours\/","title":{"rendered":"Cours"},"content":{"rendered":"<p>Dans cette section, vous trouverez, pour chaque chapitre, une synth\u00e8se (r\u00e9vision de premi\u00e8re ann\u00e9e ou nouveau cours)<\/p>\n<p>Rappel m\u00e9thodologique :<\/p>\n<ol>\n<li>Le cours doit \u00eatre compris et m\u00e9moris\u00e9 pour une grande partie en classe. Ne pas h\u00e9sitez \u00e0 poser des questions.<\/li>\n<li>La compr\u00e9hension et la m\u00e9morisation du cours est un fondamental de l&rsquo;apprentissage.<\/li>\n<li>Les exercices d&rsquo;application du cours font partie du cours et doivent \u00eatre connus (m\u00e9thodes). Les d\u00e9monstrations font partie du cours et doivent \u00eatre comprises et assimil\u00e9es (m\u00e9thodes).<\/li>\n<li>Chacun doit trouver sa m\u00e9thode pour m\u00e9moriser au mieux le cours : fiches, relectures, r\u00e9citation&#8230;<\/li>\n<\/ol>\n\n\n<div class='content-column one_half'><\/div>\n\n\n\n<div class='content-column one_half last_column'><\/div><div class='clear_column'><\/div>\n","protected":false},"excerpt":{"rendered":"<p>Dans cette section, vous trouverez, pour chaque chapitre, une synth\u00e8se (r\u00e9vision de premi\u00e8re ann\u00e9e ou nouveau cours) Rappel m\u00e9thodologique : Le cours doit \u00eatre compris et m\u00e9moris\u00e9 pour une grande partie en classe. Ne&#46;&#46;&#46;<\/p>\n","protected":false},"author":1,"featured_media":0,"parent":0,"menu_order":0,"comment_status":"closed","ping_status":"closed","template":"","meta":[],"_links":{"self":[{"href":"http:\/\/mpigne.ovh\/bcpst1\/wp-json\/wp\/v2\/pages\/41"}],"collection":[{"href":"http:\/\/mpigne.ovh\/bcpst1\/wp-json\/wp\/v2\/pages"}],"about":[{"href":"http:\/\/mpigne.ovh\/bcpst1\/wp-json\/wp\/v2\/types\/page"}],"author":[{"embeddable":true,"href":"http:\/\/mpigne.ovh\/bcpst1\/wp-json\/wp\/v2\/users\/1"}],"replies":[{"embeddable":true,"href":"http:\/\/mpigne.ovh\/bcpst1\/wp-json\/wp\/v2\/comments?post=41"}],"version-history":[{"count":141,"href":"http:\/\/mpigne.ovh\/bcpst1\/wp-json\/wp\/v2\/pages\/41\/revisions"}],"predecessor-version":[{"id":1174,"href":"http:\/\/mpigne.ovh\/bcpst1\/wp-json\/wp\/v2\/pages\/41\/revisions\/1174"}],"wp:attachment":[{"href":"http:\/\/mpigne.ovh\/bcpst1\/wp-json\/wp\/v2\/media?parent=41"}],"curies":[{"name":"wp","href":"https:\/\/api.w.org\/{rel}","templated":true}]}}