{"id":43,"date":"2017-07-08T11:19:45","date_gmt":"2017-07-08T09:19:45","guid":{"rendered":"http:\/\/mpigne.ovh\/bcpst1\/?page_id=43"},"modified":"2021-07-15T11:38:23","modified_gmt":"2021-07-15T09:38:23","slug":"feuilles-dexercices","status":"publish","type":"page","link":"http:\/\/mpigne.ovh\/bcpst1\/feuilles-dexercices\/","title":{"rendered":"Feuilles d&rsquo;exercices"},"content":{"rendered":"\n<p>Ici, vous trouverez les feuilles d&rsquo;exercices pour chacun des chapitres. Rappel m\u00e9thodologique :<\/p>\n\n\n\n<ol><li>Travailler le cours avant les exercices et le garder pr\u00e8s de soi tout le temps du travail sur les exercices<\/li><li>Lire l&rsquo;\u00e9nonc\u00e9 de l&rsquo;exercice et le comprendre (termes utilis\u00e9s, objectifs, lien entre les questions, tests sur des petites valeurs, sch\u00e9mas, tra\u00e7age de courbes \u00e0 la calculatrice&#8230;)<\/li><li>D\u00e9terminer une ou plusieurs m\u00e9thodes appropri\u00e9es pour chaque question (m\u00e9thodes vues dans les exercices du cours, dans des rappels m\u00e9thodologiques, dans le cours de premi\u00e8re ann\u00e9e, utilisation d&rsquo;un r\u00e9sultat pr\u00e9c\u00e9demment d\u00e9montr\u00e9 dans l&rsquo;exercice&#8230;).<\/li><li>Mettre en oeuvre cette m\u00e9thode. Attention \u00e0 : la rigueur dans les calculs, l&rsquo;application des formules, la logique du raisonnement. Si la m\u00e9thode n&rsquo;aboutit pas, contr\u00f4ler d&rsquo;\u00e9ventuelles erreurs de calcul ou de raisonnement et, \u00e9ventuellement, changer de m\u00e9thode.<\/li><li>Contr\u00f4ler les r\u00e9sultats (coh\u00e9rence, relecture des calculs et de la r\u00e9daction).<\/li><\/ol>\n\n\n\n<p>Il n&rsquo;y a pas besoin de r\u00e9ussir un exercice pour le travailler. Mettre en oeuvre des d\u00e9finitions, s&rsquo;entra\u00eener au calcul, essayer des m\u00e9thodes, travailler sa r\u00e9daction, tout cela fait partie de l&rsquo;exercice. Si vous \u00eates \u00ab\u00a0bloqu\u00e9s\u00a0\u00bb ou que vous ne savez pas comment commencer, voici une vid\u00e9o qui peut vous \u00eatre utile : <\/p>\n\n\n\n<figure class=\"wp-block-embed is-type-video is-provider-youtube wp-block-embed-youtube wp-embed-aspect-16-9 wp-has-aspect-ratio\"><div class=\"wp-block-embed__wrapper\">\n<div class=\"video-container\"><iframe title=\"M\u00e9thode g\u00e9n\u00e9rale pour r\u00e9soudre une question en math\u00e9matiques - Les maths en 5 minutes\" width=\"500\" height=\"281\" src=\"https:\/\/www.youtube.com\/embed\/p-R3rqBYeM4?feature=oembed&#038;wmode=opaque\" frameborder=\"0\" allow=\"accelerometer; autoplay; clipboard-write; encrypted-media; gyroscope; picture-in-picture\" allowfullscreen><\/iframe><\/div>\n<\/div><\/figure>\n\n\n\n<div class='content-column one_half'><\/div>\n\n\n\n<div class='content-column one_half last_column'><\/div><div class='clear_column'><\/div>\n","protected":false},"excerpt":{"rendered":"<p>Ici, vous trouverez les feuilles d&rsquo;exercices pour chacun des chapitres. Rappel m\u00e9thodologique : Travailler le cours avant les exercices et le garder pr\u00e8s de soi tout le temps du travail sur les exercices Lire&#46;&#46;&#46;<\/p>\n","protected":false},"author":1,"featured_media":0,"parent":0,"menu_order":0,"comment_status":"closed","ping_status":"closed","template":"","meta":[],"_links":{"self":[{"href":"http:\/\/mpigne.ovh\/bcpst1\/wp-json\/wp\/v2\/pages\/43"}],"collection":[{"href":"http:\/\/mpigne.ovh\/bcpst1\/wp-json\/wp\/v2\/pages"}],"about":[{"href":"http:\/\/mpigne.ovh\/bcpst1\/wp-json\/wp\/v2\/types\/page"}],"author":[{"embeddable":true,"href":"http:\/\/mpigne.ovh\/bcpst1\/wp-json\/wp\/v2\/users\/1"}],"replies":[{"embeddable":true,"href":"http:\/\/mpigne.ovh\/bcpst1\/wp-json\/wp\/v2\/comments?post=43"}],"version-history":[{"count":121,"href":"http:\/\/mpigne.ovh\/bcpst1\/wp-json\/wp\/v2\/pages\/43\/revisions"}],"predecessor-version":[{"id":1176,"href":"http:\/\/mpigne.ovh\/bcpst1\/wp-json\/wp\/v2\/pages\/43\/revisions\/1176"}],"wp:attachment":[{"href":"http:\/\/mpigne.ovh\/bcpst1\/wp-json\/wp\/v2\/media?parent=43"}],"curies":[{"name":"wp","href":"https:\/\/api.w.org\/{rel}","templated":true}]}}