{"id":49,"date":"2017-07-08T11:23:42","date_gmt":"2017-07-08T09:23:42","guid":{"rendered":"http:\/\/mpigne.ovh\/bcpst1\/?page_id=49"},"modified":"2021-07-15T11:40:10","modified_gmt":"2021-07-15T09:40:10","slug":"programmes-de-colles","status":"publish","type":"page","link":"http:\/\/mpigne.ovh\/bcpst1\/programmes-de-colles\/","title":{"rendered":"Programmes de colles"},"content":{"rendered":"<p>La colle doit comporter une question de cours (parmi celles indiqu\u00e9es ou une d\u00e9finition du cours, ou l&rsquo;\u00e9nonc\u00e9 d&rsquo;une propri\u00e9t\u00e9) et un ou plusieurs exercice(s). Un(e) \u00e9l\u00e8ve qui ne sait pas traiter la question de cours n&rsquo;a pas la moyenne.<\/p>\n<p>L&rsquo;\u00e9l\u00e8ve est \u00e9valu\u00e9(e) sur : sa connaissance du cours, ses capacit\u00e9s d&rsquo;analyse et ses m\u00e9thodes, ses comp\u00e9tences techniques et calculatoires, ses qualit\u00e9s de rigueur et de clart\u00e9, ses comp\u00e9tences orales (dynamisme, \u00e9coute, interaction&#8230;)<\/p>\n\n\n<div class='content-column one_half'><\/div>\n\n\n\n<div class='content-column one_half last_column'><\/div><div class='clear_column'><\/div>\n","protected":false},"excerpt":{"rendered":"<p>La colle doit comporter une question de cours (parmi celles indiqu\u00e9es ou une d\u00e9finition du cours, ou l&rsquo;\u00e9nonc\u00e9 d&rsquo;une propri\u00e9t\u00e9) et un ou plusieurs exercice(s). Un(e) \u00e9l\u00e8ve qui ne sait pas traiter la question&#46;&#46;&#46;<\/p>\n","protected":false},"author":1,"featured_media":0,"parent":0,"menu_order":0,"comment_status":"closed","ping_status":"closed","template":"","meta":[],"_links":{"self":[{"href":"http:\/\/mpigne.ovh\/bcpst1\/wp-json\/wp\/v2\/pages\/49"}],"collection":[{"href":"http:\/\/mpigne.ovh\/bcpst1\/wp-json\/wp\/v2\/pages"}],"about":[{"href":"http:\/\/mpigne.ovh\/bcpst1\/wp-json\/wp\/v2\/types\/page"}],"author":[{"embeddable":true,"href":"http:\/\/mpigne.ovh\/bcpst1\/wp-json\/wp\/v2\/users\/1"}],"replies":[{"embeddable":true,"href":"http:\/\/mpigne.ovh\/bcpst1\/wp-json\/wp\/v2\/comments?post=49"}],"version-history":[{"count":123,"href":"http:\/\/mpigne.ovh\/bcpst1\/wp-json\/wp\/v2\/pages\/49\/revisions"}],"predecessor-version":[{"id":1178,"href":"http:\/\/mpigne.ovh\/bcpst1\/wp-json\/wp\/v2\/pages\/49\/revisions\/1178"}],"wp:attachment":[{"href":"http:\/\/mpigne.ovh\/bcpst1\/wp-json\/wp\/v2\/media?parent=49"}],"curies":[{"name":"wp","href":"https:\/\/api.w.org\/{rel}","templated":true}]}}